{"id":70,"date":"2025-10-13T17:37:53","date_gmt":"2025-10-13T17:37:53","guid":{"rendered":"https:\/\/xn--theaterbhnemnchenstein-zlce.ch\/?page_id=70"},"modified":"2025-10-13T18:28:38","modified_gmt":"2025-10-13T18:28:38","slug":"presse","status":"publish","type":"page","link":"https:\/\/xn--theaterbhnemnchenstein-zlce.ch\/index.php\/presse\/","title":{"rendered":"TheaterB\u00fchne M\u00fcnchenstein in der Presse"},"content":{"rendered":"\n<h2 class=\"wp-block-heading\">2025<\/h2>\n\n\n\n<ul class=\"wp-block-list\">\n<li><a href=\"https:\/\/xn--theaterbhnemnchenstein-zlce.ch\/wp-content\/uploads\/2025\/10\/WoBla_20250410.pdf\" target=\"_blank\" rel=\"noreferrer noopener\">&#171;Land in Sicht&#187;; Wochenblatt; 10.04.2025<\/a><\/li>\n\n\n\n<li><a href=\"https:\/\/xn--theaterbhnemnchenstein-zlce.ch\/wp-content\/uploads\/2025\/10\/Wobla_20250327.pdf\" target=\"_blank\" rel=\"noreferrer noopener\">&#171;Einmal Bali und zur\u00fcck&#187;; Wochenblatt; 27.03.2025<\/a><\/li>\n\n\n\n<li><a href=\"https:\/\/xn--theaterbhnemnchenstein-zlce.ch\/wp-content\/uploads\/2025\/10\/WoBla_20250320.pdf\" target=\"_blank\" rel=\"noreferrer noopener\">&#171;Im Fokus &#8211; TheaterB\u00fchne M\u00fcnchenstein&#187;; Wochenblatt; 20.03.2025<\/a><\/li>\n\n\n\n<li><a href=\"https:\/\/xn--theaterbhnemnchenstein-zlce.ch\/wp-content\/uploads\/2025\/10\/WoBla_20250213.pdf\" target=\"_blank\" rel=\"noreferrer noopener\">&#171;Kreuzfahrt schon gebucht?&#187;; Wochenblatt; 13.02.2025<\/a><\/li>\n<\/ul>\n\n\n\n<h2 class=\"wp-block-heading\">2023<\/h2>\n\n\n\n<ul class=\"wp-block-list\">\n<li><a href=\"https:\/\/xn--theaterbhnemnchenstein-zlce.ch\/wp-content\/uploads\/2025\/10\/Wobla_20230928.pdf\" target=\"_blank\" rel=\"noreferrer noopener\">&#171;Der Gr\u00fcne Kakadu &#8211; Letzte Auff\u00fchrungen&#187;; Wochenblatt; 28.09.2023<\/a><\/li>\n\n\n\n<li><a href=\"https:\/\/xn--theaterbhnemnchenstein-zlce.ch\/wp-content\/uploads\/2025\/10\/WoBla_20230914.pdf\" target=\"_blank\" rel=\"noreferrer noopener\">&#171;Der Countdown l\u00e4uft&#187;; Wochenblatt; 14.09.2023<\/a><\/li>\n\n\n\n<li><a href=\"https:\/\/xn--theaterbhnemnchenstein-zlce.ch\/wp-content\/uploads\/2025\/10\/WoBla_20230907.pdf\" target=\"_blank\" rel=\"noreferrer noopener\">&#171;Save the date f\u00fcr Der Gr\u00fcne Kakadu&#187;; Wochenblatt; 7.09.2023<\/a><\/li>\n\n\n\n<li><a href=\"https:\/\/xn--theaterbhnemnchenstein-zlce.ch\/wp-content\/uploads\/2025\/10\/WoBla_20230907f.pdf\" target=\"_blank\" rel=\"noreferrer noopener\">&#171;Im Fokus &#8211; Der Gr\u00fcne Kakadu&#187;; Wochenblatt; 7.09.2023<\/a><\/li>\n\n\n\n<li><a href=\"https:\/\/xn--theaterbhnemnchenstein-zlce.ch\/wp-content\/uploads\/2025\/10\/WoBla_20230420.pdf\" target=\"_blank\" rel=\"noreferrer noopener\">&#171;Einladung zum Fusionsfest&#187;; Wochenblatt; 20.04.2023<\/a><\/li>\n<\/ul>\n\n\n\n<h2 class=\"wp-block-heading\">2022<\/h2>\n\n\n\n<ul class=\"wp-block-list\">\n<li><a href=\"https:\/\/xn--theaterbhnemnchenstein-zlce.ch\/wp-content\/uploads\/2025\/10\/WoBla_20220929.pdf\" target=\"_blank\" rel=\"noreferrer noopener\">&#171;Erfolgreiche Produktion&#187;; Wochenblatt; 29.09.2022<\/a><\/li>\n\n\n\n<li><a href=\"https:\/\/xn--theaterbhnemnchenstein-zlce.ch\/wp-content\/uploads\/2025\/10\/WoBla_20220922.pdf\" target=\"_blank\" rel=\"noreferrer noopener\">&#171;Premi\u00e8re&#187;; Wochenblatt; 22.09.2022<\/a><\/li>\n\n\n\n<li><a href=\"https:\/\/xn--theaterbhnemnchenstein-zlce.ch\/wp-content\/uploads\/2025\/10\/WoBla_20220914.pdf\" target=\"_blank\" rel=\"noreferrer noopener\">&#171;Das Testament: Klimakrise im heimeligen Wohnzimmer&#187;; Wochenblatt; 15.09.2022<\/a><\/li>\n\n\n\n<li><a href=\"https:\/\/xn--theaterbhnemnchenstein-zlce.ch\/wp-content\/uploads\/2025\/10\/WoBla_20220908.pdf\" target=\"_blank\" rel=\"noreferrer noopener\">&#171;Im Fokus &#8211; Das Testament&#187;; Wochenblatt; 8.09.2022<\/a><\/li>\n\n\n\n<li><a href=\"https:\/\/xn--theaterbhnemnchenstein-zlce.ch\/wp-content\/uploads\/2025\/10\/WoBla_20220818.pdf\" target=\"_blank\" rel=\"noreferrer noopener\">&#171;Testament &#8211; Save the date&#187;; Wochenblatt; 18.08.2022<\/a><\/li>\n\n\n\n<li><a href=\"https:\/\/xn--theaterbhnemnchenstein-zlce.ch\/wp-content\/uploads\/2025\/10\/WoBla_20220608.pdf\" target=\"_blank\" rel=\"noreferrer noopener\">&#171;Die Theaterb\u00fchne M\u00fcnchenstein ist geboren&#187;; Wochenblatt; 6.08.2022<\/a><\/li>\n<\/ul>\n","protected":false},"excerpt":{"rendered":"<p>2025 2023 2022<\/p>\n","protected":false},"author":1,"featured_media":0,"parent":0,"menu_order":0,"comment_status":"closed","ping_status":"closed","template":"","meta":{"footnotes":""},"class_list":["post-70","page","type-page","status-publish","hentry"],"yoast_head":"<!-- This site is optimized with the Yoast SEO plugin v27.3 - https:\/\/yoast.com\/product\/yoast-seo-wordpress\/ -->\n<title>TheaterB\u00fchne M\u00fcnchenstein in der Presse - Theaterb\u00fchne M\u00fcnchenstein<\/title>\n<meta name=\"robots\" content=\"index, follow, max-snippet:-1, max-image-preview:large, max-video-preview:-1\" \/>\n<link rel=\"canonical\" href=\"https:\/\/xn--theaterbhnemnchenstein-zlce.ch\/index.php\/presse\/\" \/>\n<meta property=\"og:locale\" content=\"de_DE\" \/>\n<meta property=\"og:type\" content=\"article\" \/>\n<meta property=\"og:title\" content=\"TheaterB\u00fchne M\u00fcnchenstein in der Presse - Theaterb\u00fchne M\u00fcnchenstein\" \/>\n<meta property=\"og:description\" content=\"2025 2023 2022\" \/>\n<meta property=\"og:url\" content=\"https:\/\/xn--theaterbhnemnchenstein-zlce.ch\/index.php\/presse\/\" \/>\n<meta property=\"og:site_name\" content=\"Theaterb\u00fchne M\u00fcnchenstein\" \/>\n<meta property=\"article:modified_time\" content=\"2025-10-13T18:28:38+00:00\" \/>\n<meta name=\"twitter:card\" content=\"summary_large_image\" \/>\n<meta name=\"twitter:label1\" content=\"Gesch\u00e4tzte Lesezeit\" \/>\n\t<meta name=\"twitter:data1\" content=\"1\u00a0Minute\" \/>\n<script type=\"application\/ld+json\" class=\"yoast-schema-graph\">{\"@context\":\"https:\\\/\\\/schema.org\",\"@graph\":[{\"@type\":\"WebPage\",\"@id\":\"https:\\\/\\\/xn--theaterbhnemnchenstein-zlce.ch\\\/index.php\\\/presse\\\/\",\"url\":\"https:\\\/\\\/xn--theaterbhnemnchenstein-zlce.ch\\\/index.php\\\/presse\\\/\",\"name\":\"TheaterB\u00fchne M\u00fcnchenstein in der Presse - Theaterb\u00fchne M\u00fcnchenstein\",\"isPartOf\":{\"@id\":\"https:\\\/\\\/xn--theaterbhnemnchenstein-zlce.ch\\\/#website\"},\"datePublished\":\"2025-10-13T17:37:53+00:00\",\"dateModified\":\"2025-10-13T18:28:38+00:00\",\"breadcrumb\":{\"@id\":\"https:\\\/\\\/xn--theaterbhnemnchenstein-zlce.ch\\\/index.php\\\/presse\\\/#breadcrumb\"},\"inLanguage\":\"de-CH\",\"potentialAction\":[{\"@type\":\"ReadAction\",\"target\":[\"https:\\\/\\\/xn--theaterbhnemnchenstein-zlce.ch\\\/index.php\\\/presse\\\/\"]}]},{\"@type\":\"BreadcrumbList\",\"@id\":\"https:\\\/\\\/xn--theaterbhnemnchenstein-zlce.ch\\\/index.php\\\/presse\\\/#breadcrumb\",\"itemListElement\":[{\"@type\":\"ListItem\",\"position\":1,\"name\":\"Startseite\",\"item\":\"https:\\\/\\\/xn--theaterbhnemnchenstein-zlce.ch\\\/\"},{\"@type\":\"ListItem\",\"position\":2,\"name\":\"TheaterB\u00fchne M\u00fcnchenstein in der Presse\"}]},{\"@type\":\"WebSite\",\"@id\":\"https:\\\/\\\/xn--theaterbhnemnchenstein-zlce.ch\\\/#website\",\"url\":\"https:\\\/\\\/xn--theaterbhnemnchenstein-zlce.ch\\\/\",\"name\":\"Theaterb\u00fchne M\u00fcnchenstein\",\"description\":\"\",\"publisher\":{\"@id\":\"https:\\\/\\\/xn--theaterbhnemnchenstein-zlce.ch\\\/#organization\"},\"potentialAction\":[{\"@type\":\"SearchAction\",\"target\":{\"@type\":\"EntryPoint\",\"urlTemplate\":\"https:\\\/\\\/xn--theaterbhnemnchenstein-zlce.ch\\\/?s={search_term_string}\"},\"query-input\":{\"@type\":\"PropertyValueSpecification\",\"valueRequired\":true,\"valueName\":\"search_term_string\"}}],\"inLanguage\":\"de-CH\"},{\"@type\":\"Organization\",\"@id\":\"https:\\\/\\\/xn--theaterbhnemnchenstein-zlce.ch\\\/#organization\",\"name\":\"Theaterb\u00fchne M\u00fcnchenstein\",\"url\":\"https:\\\/\\\/xn--theaterbhnemnchenstein-zlce.ch\\\/\",\"logo\":{\"@type\":\"ImageObject\",\"inLanguage\":\"de-CH\",\"@id\":\"https:\\\/\\\/xn--theaterbhnemnchenstein-zlce.ch\\\/#\\\/schema\\\/logo\\\/image\\\/\",\"url\":\"https:\\\/\\\/xn--theaterbhnemnchenstein-zlce.ch\\\/wp-content\\\/uploads\\\/2025\\\/10\\\/Logo.png\",\"contentUrl\":\"https:\\\/\\\/xn--theaterbhnemnchenstein-zlce.ch\\\/wp-content\\\/uploads\\\/2025\\\/10\\\/Logo.png\",\"width\":200,\"height\":69,\"caption\":\"Theaterb\u00fchne M\u00fcnchenstein\"},\"image\":{\"@id\":\"https:\\\/\\\/xn--theaterbhnemnchenstein-zlce.ch\\\/#\\\/schema\\\/logo\\\/image\\\/\"}}]}<\/script>\n<!-- \/ Yoast SEO plugin. -->","yoast_head_json":{"title":"TheaterB\u00fchne M\u00fcnchenstein in der Presse - Theaterb\u00fchne M\u00fcnchenstein","robots":{"index":"index","follow":"follow","max-snippet":"max-snippet:-1","max-image-preview":"max-image-preview:large","max-video-preview":"max-video-preview:-1"},"canonical":"https:\/\/xn--theaterbhnemnchenstein-zlce.ch\/index.php\/presse\/","og_locale":"de_DE","og_type":"article","og_title":"TheaterB\u00fchne M\u00fcnchenstein in der Presse - Theaterb\u00fchne M\u00fcnchenstein","og_description":"2025 2023 2022","og_url":"https:\/\/xn--theaterbhnemnchenstein-zlce.ch\/index.php\/presse\/","og_site_name":"Theaterb\u00fchne M\u00fcnchenstein","article_modified_time":"2025-10-13T18:28:38+00:00","twitter_card":"summary_large_image","twitter_misc":{"Gesch\u00e4tzte Lesezeit":"1\u00a0Minute"},"schema":{"@context":"https:\/\/schema.org","@graph":[{"@type":"WebPage","@id":"https:\/\/xn--theaterbhnemnchenstein-zlce.ch\/index.php\/presse\/","url":"https:\/\/xn--theaterbhnemnchenstein-zlce.ch\/index.php\/presse\/","name":"TheaterB\u00fchne M\u00fcnchenstein in der Presse - Theaterb\u00fchne M\u00fcnchenstein","isPartOf":{"@id":"https:\/\/xn--theaterbhnemnchenstein-zlce.ch\/#website"},"datePublished":"2025-10-13T17:37:53+00:00","dateModified":"2025-10-13T18:28:38+00:00","breadcrumb":{"@id":"https:\/\/xn--theaterbhnemnchenstein-zlce.ch\/index.php\/presse\/#breadcrumb"},"inLanguage":"de-CH","potentialAction":[{"@type":"ReadAction","target":["https:\/\/xn--theaterbhnemnchenstein-zlce.ch\/index.php\/presse\/"]}]},{"@type":"BreadcrumbList","@id":"https:\/\/xn--theaterbhnemnchenstein-zlce.ch\/index.php\/presse\/#breadcrumb","itemListElement":[{"@type":"ListItem","position":1,"name":"Startseite","item":"https:\/\/xn--theaterbhnemnchenstein-zlce.ch\/"},{"@type":"ListItem","position":2,"name":"TheaterB\u00fchne M\u00fcnchenstein in der Presse"}]},{"@type":"WebSite","@id":"https:\/\/xn--theaterbhnemnchenstein-zlce.ch\/#website","url":"https:\/\/xn--theaterbhnemnchenstein-zlce.ch\/","name":"Theaterb\u00fchne M\u00fcnchenstein","description":"","publisher":{"@id":"https:\/\/xn--theaterbhnemnchenstein-zlce.ch\/#organization"},"potentialAction":[{"@type":"SearchAction","target":{"@type":"EntryPoint","urlTemplate":"https:\/\/xn--theaterbhnemnchenstein-zlce.ch\/?s={search_term_string}"},"query-input":{"@type":"PropertyValueSpecification","valueRequired":true,"valueName":"search_term_string"}}],"inLanguage":"de-CH"},{"@type":"Organization","@id":"https:\/\/xn--theaterbhnemnchenstein-zlce.ch\/#organization","name":"Theaterb\u00fchne M\u00fcnchenstein","url":"https:\/\/xn--theaterbhnemnchenstein-zlce.ch\/","logo":{"@type":"ImageObject","inLanguage":"de-CH","@id":"https:\/\/xn--theaterbhnemnchenstein-zlce.ch\/#\/schema\/logo\/image\/","url":"https:\/\/xn--theaterbhnemnchenstein-zlce.ch\/wp-content\/uploads\/2025\/10\/Logo.png","contentUrl":"https:\/\/xn--theaterbhnemnchenstein-zlce.ch\/wp-content\/uploads\/2025\/10\/Logo.png","width":200,"height":69,"caption":"Theaterb\u00fchne M\u00fcnchenstein"},"image":{"@id":"https:\/\/xn--theaterbhnemnchenstein-zlce.ch\/#\/schema\/logo\/image\/"}}]}},"_links":{"self":[{"href":"https:\/\/xn--theaterbhnemnchenstein-zlce.ch\/index.php\/wp-json\/wp\/v2\/pages\/70","targetHints":{"allow":["GET"]}}],"collection":[{"href":"https:\/\/xn--theaterbhnemnchenstein-zlce.ch\/index.php\/wp-json\/wp\/v2\/pages"}],"about":[{"href":"https:\/\/xn--theaterbhnemnchenstein-zlce.ch\/index.php\/wp-json\/wp\/v2\/types\/page"}],"author":[{"embeddable":true,"href":"https:\/\/xn--theaterbhnemnchenstein-zlce.ch\/index.php\/wp-json\/wp\/v2\/users\/1"}],"replies":[{"embeddable":true,"href":"https:\/\/xn--theaterbhnemnchenstein-zlce.ch\/index.php\/wp-json\/wp\/v2\/comments?post=70"}],"version-history":[{"count":18,"href":"https:\/\/xn--theaterbhnemnchenstein-zlce.ch\/index.php\/wp-json\/wp\/v2\/pages\/70\/revisions"}],"predecessor-version":[{"id":122,"href":"https:\/\/xn--theaterbhnemnchenstein-zlce.ch\/index.php\/wp-json\/wp\/v2\/pages\/70\/revisions\/122"}],"wp:attachment":[{"href":"https:\/\/xn--theaterbhnemnchenstein-zlce.ch\/index.php\/wp-json\/wp\/v2\/media?parent=70"}],"curies":[{"name":"wp","href":"https:\/\/api.w.org\/{rel}","templated":true}]}}