{"id":456,"date":"2026-04-09T15:21:16","date_gmt":"2026-04-09T15:21:16","guid":{"rendered":"https:\/\/xn--theaterbhnemnchenstein-zlce.ch\/?page_id=456"},"modified":"2026-04-09T15:26:34","modified_gmt":"2026-04-09T15:26:34","slug":"impressum","status":"publish","type":"page","link":"https:\/\/xn--theaterbhnemnchenstein-zlce.ch\/index.php\/impressum\/","title":{"rendered":"Impressum"},"content":{"rendered":"\n<p style=\"font-size:20px\">Angaben gem\u00e4ss Schweizer Recht:<\/p>\n\n\n\n<p>Verein &#171;Theaterb\u00fchne M\u00fcnchenstein&#187;<br>4142 M\u00fcnchenstein<br>Vertreten durch: \u00a0<br>Fabian Zinsstag, Pr\u00e4sident (ad interim)<br>E-Mail: <a href=\"mailto:fabian.zinsstag@gmail.com\">fabian.zinsstag@gmail.com<\/a><\/p>\n","protected":false},"excerpt":{"rendered":"<p>Angaben gem\u00e4ss Schweizer Recht: Verein &#171;Theaterb\u00fchne M\u00fcnchenstein&#187;4142 M\u00fcnchensteinVertreten durch: \u00a0Fabian Zinsstag, Pr\u00e4sident (ad interim)E-Mail: fabian.zinsstag@gmail.com<\/p>\n","protected":false},"author":1,"featured_media":0,"parent":0,"menu_order":0,"comment_status":"closed","ping_status":"closed","template":"","meta":{"footnotes":""},"class_list":["post-456","page","type-page","status-publish","hentry"],"yoast_head":"<!-- This site is optimized with the Yoast SEO plugin v27.3 - https:\/\/yoast.com\/product\/yoast-seo-wordpress\/ -->\n<title>Impressum - Theaterb\u00fchne M\u00fcnchenstein<\/title>\n<meta name=\"robots\" content=\"index, follow, max-snippet:-1, max-image-preview:large, max-video-preview:-1\" \/>\n<link rel=\"canonical\" href=\"https:\/\/xn--theaterbhnemnchenstein-zlce.ch\/index.php\/impressum\/\" \/>\n<meta property=\"og:locale\" content=\"de_DE\" \/>\n<meta property=\"og:type\" content=\"article\" \/>\n<meta property=\"og:title\" content=\"Impressum - Theaterb\u00fchne M\u00fcnchenstein\" \/>\n<meta property=\"og:description\" content=\"Angaben gem\u00e4ss Schweizer Recht: Verein &#171;Theaterb\u00fchne M\u00fcnchenstein&#187;4142 M\u00fcnchensteinVertreten durch: \u00a0Fabian Zinsstag, Pr\u00e4sident (ad interim)E-Mail: fabian.zinsstag@gmail.com\" \/>\n<meta property=\"og:url\" content=\"https:\/\/xn--theaterbhnemnchenstein-zlce.ch\/index.php\/impressum\/\" \/>\n<meta property=\"og:site_name\" content=\"Theaterb\u00fchne M\u00fcnchenstein\" \/>\n<meta property=\"article:modified_time\" content=\"2026-04-09T15:26:34+00:00\" \/>\n<meta name=\"twitter:card\" content=\"summary_large_image\" \/>\n<meta name=\"twitter:label1\" content=\"Gesch\u00e4tzte Lesezeit\" \/>\n\t<meta name=\"twitter:data1\" content=\"1\u00a0Minute\" \/>\n<script type=\"application\/ld+json\" class=\"yoast-schema-graph\">{\"@context\":\"https:\\\/\\\/schema.org\",\"@graph\":[{\"@type\":\"WebPage\",\"@id\":\"https:\\\/\\\/xn--theaterbhnemnchenstein-zlce.ch\\\/index.php\\\/impressum\\\/\",\"url\":\"https:\\\/\\\/xn--theaterbhnemnchenstein-zlce.ch\\\/index.php\\\/impressum\\\/\",\"name\":\"Impressum - Theaterb\u00fchne M\u00fcnchenstein\",\"isPartOf\":{\"@id\":\"https:\\\/\\\/xn--theaterbhnemnchenstein-zlce.ch\\\/#website\"},\"datePublished\":\"2026-04-09T15:21:16+00:00\",\"dateModified\":\"2026-04-09T15:26:34+00:00\",\"breadcrumb\":{\"@id\":\"https:\\\/\\\/xn--theaterbhnemnchenstein-zlce.ch\\\/index.php\\\/impressum\\\/#breadcrumb\"},\"inLanguage\":\"de-CH\",\"potentialAction\":[{\"@type\":\"ReadAction\",\"target\":[\"https:\\\/\\\/xn--theaterbhnemnchenstein-zlce.ch\\\/index.php\\\/impressum\\\/\"]}]},{\"@type\":\"BreadcrumbList\",\"@id\":\"https:\\\/\\\/xn--theaterbhnemnchenstein-zlce.ch\\\/index.php\\\/impressum\\\/#breadcrumb\",\"itemListElement\":[{\"@type\":\"ListItem\",\"position\":1,\"name\":\"Startseite\",\"item\":\"https:\\\/\\\/xn--theaterbhnemnchenstein-zlce.ch\\\/\"},{\"@type\":\"ListItem\",\"position\":2,\"name\":\"Impressum\"}]},{\"@type\":\"WebSite\",\"@id\":\"https:\\\/\\\/xn--theaterbhnemnchenstein-zlce.ch\\\/#website\",\"url\":\"https:\\\/\\\/xn--theaterbhnemnchenstein-zlce.ch\\\/\",\"name\":\"Theaterb\u00fchne M\u00fcnchenstein\",\"description\":\"\",\"publisher\":{\"@id\":\"https:\\\/\\\/xn--theaterbhnemnchenstein-zlce.ch\\\/#organization\"},\"potentialAction\":[{\"@type\":\"SearchAction\",\"target\":{\"@type\":\"EntryPoint\",\"urlTemplate\":\"https:\\\/\\\/xn--theaterbhnemnchenstein-zlce.ch\\\/?s={search_term_string}\"},\"query-input\":{\"@type\":\"PropertyValueSpecification\",\"valueRequired\":true,\"valueName\":\"search_term_string\"}}],\"inLanguage\":\"de-CH\"},{\"@type\":\"Organization\",\"@id\":\"https:\\\/\\\/xn--theaterbhnemnchenstein-zlce.ch\\\/#organization\",\"name\":\"Theaterb\u00fchne M\u00fcnchenstein\",\"url\":\"https:\\\/\\\/xn--theaterbhnemnchenstein-zlce.ch\\\/\",\"logo\":{\"@type\":\"ImageObject\",\"inLanguage\":\"de-CH\",\"@id\":\"https:\\\/\\\/xn--theaterbhnemnchenstein-zlce.ch\\\/#\\\/schema\\\/logo\\\/image\\\/\",\"url\":\"https:\\\/\\\/xn--theaterbhnemnchenstein-zlce.ch\\\/wp-content\\\/uploads\\\/2025\\\/10\\\/Logo.png\",\"contentUrl\":\"https:\\\/\\\/xn--theaterbhnemnchenstein-zlce.ch\\\/wp-content\\\/uploads\\\/2025\\\/10\\\/Logo.png\",\"width\":200,\"height\":69,\"caption\":\"Theaterb\u00fchne M\u00fcnchenstein\"},\"image\":{\"@id\":\"https:\\\/\\\/xn--theaterbhnemnchenstein-zlce.ch\\\/#\\\/schema\\\/logo\\\/image\\\/\"}}]}<\/script>\n<!-- \/ Yoast SEO plugin. -->","yoast_head_json":{"title":"Impressum - Theaterb\u00fchne M\u00fcnchenstein","robots":{"index":"index","follow":"follow","max-snippet":"max-snippet:-1","max-image-preview":"max-image-preview:large","max-video-preview":"max-video-preview:-1"},"canonical":"https:\/\/xn--theaterbhnemnchenstein-zlce.ch\/index.php\/impressum\/","og_locale":"de_DE","og_type":"article","og_title":"Impressum - Theaterb\u00fchne M\u00fcnchenstein","og_description":"Angaben gem\u00e4ss Schweizer Recht: Verein &#171;Theaterb\u00fchne M\u00fcnchenstein&#187;4142 M\u00fcnchensteinVertreten durch: \u00a0Fabian Zinsstag, Pr\u00e4sident (ad interim)E-Mail: fabian.zinsstag@gmail.com","og_url":"https:\/\/xn--theaterbhnemnchenstein-zlce.ch\/index.php\/impressum\/","og_site_name":"Theaterb\u00fchne M\u00fcnchenstein","article_modified_time":"2026-04-09T15:26:34+00:00","twitter_card":"summary_large_image","twitter_misc":{"Gesch\u00e4tzte Lesezeit":"1\u00a0Minute"},"schema":{"@context":"https:\/\/schema.org","@graph":[{"@type":"WebPage","@id":"https:\/\/xn--theaterbhnemnchenstein-zlce.ch\/index.php\/impressum\/","url":"https:\/\/xn--theaterbhnemnchenstein-zlce.ch\/index.php\/impressum\/","name":"Impressum - Theaterb\u00fchne M\u00fcnchenstein","isPartOf":{"@id":"https:\/\/xn--theaterbhnemnchenstein-zlce.ch\/#website"},"datePublished":"2026-04-09T15:21:16+00:00","dateModified":"2026-04-09T15:26:34+00:00","breadcrumb":{"@id":"https:\/\/xn--theaterbhnemnchenstein-zlce.ch\/index.php\/impressum\/#breadcrumb"},"inLanguage":"de-CH","potentialAction":[{"@type":"ReadAction","target":["https:\/\/xn--theaterbhnemnchenstein-zlce.ch\/index.php\/impressum\/"]}]},{"@type":"BreadcrumbList","@id":"https:\/\/xn--theaterbhnemnchenstein-zlce.ch\/index.php\/impressum\/#breadcrumb","itemListElement":[{"@type":"ListItem","position":1,"name":"Startseite","item":"https:\/\/xn--theaterbhnemnchenstein-zlce.ch\/"},{"@type":"ListItem","position":2,"name":"Impressum"}]},{"@type":"WebSite","@id":"https:\/\/xn--theaterbhnemnchenstein-zlce.ch\/#website","url":"https:\/\/xn--theaterbhnemnchenstein-zlce.ch\/","name":"Theaterb\u00fchne M\u00fcnchenstein","description":"","publisher":{"@id":"https:\/\/xn--theaterbhnemnchenstein-zlce.ch\/#organization"},"potentialAction":[{"@type":"SearchAction","target":{"@type":"EntryPoint","urlTemplate":"https:\/\/xn--theaterbhnemnchenstein-zlce.ch\/?s={search_term_string}"},"query-input":{"@type":"PropertyValueSpecification","valueRequired":true,"valueName":"search_term_string"}}],"inLanguage":"de-CH"},{"@type":"Organization","@id":"https:\/\/xn--theaterbhnemnchenstein-zlce.ch\/#organization","name":"Theaterb\u00fchne M\u00fcnchenstein","url":"https:\/\/xn--theaterbhnemnchenstein-zlce.ch\/","logo":{"@type":"ImageObject","inLanguage":"de-CH","@id":"https:\/\/xn--theaterbhnemnchenstein-zlce.ch\/#\/schema\/logo\/image\/","url":"https:\/\/xn--theaterbhnemnchenstein-zlce.ch\/wp-content\/uploads\/2025\/10\/Logo.png","contentUrl":"https:\/\/xn--theaterbhnemnchenstein-zlce.ch\/wp-content\/uploads\/2025\/10\/Logo.png","width":200,"height":69,"caption":"Theaterb\u00fchne M\u00fcnchenstein"},"image":{"@id":"https:\/\/xn--theaterbhnemnchenstein-zlce.ch\/#\/schema\/logo\/image\/"}}]}},"_links":{"self":[{"href":"https:\/\/xn--theaterbhnemnchenstein-zlce.ch\/index.php\/wp-json\/wp\/v2\/pages\/456","targetHints":{"allow":["GET"]}}],"collection":[{"href":"https:\/\/xn--theaterbhnemnchenstein-zlce.ch\/index.php\/wp-json\/wp\/v2\/pages"}],"about":[{"href":"https:\/\/xn--theaterbhnemnchenstein-zlce.ch\/index.php\/wp-json\/wp\/v2\/types\/page"}],"author":[{"embeddable":true,"href":"https:\/\/xn--theaterbhnemnchenstein-zlce.ch\/index.php\/wp-json\/wp\/v2\/users\/1"}],"replies":[{"embeddable":true,"href":"https:\/\/xn--theaterbhnemnchenstein-zlce.ch\/index.php\/wp-json\/wp\/v2\/comments?post=456"}],"version-history":[{"count":5,"href":"https:\/\/xn--theaterbhnemnchenstein-zlce.ch\/index.php\/wp-json\/wp\/v2\/pages\/456\/revisions"}],"predecessor-version":[{"id":464,"href":"https:\/\/xn--theaterbhnemnchenstein-zlce.ch\/index.php\/wp-json\/wp\/v2\/pages\/456\/revisions\/464"}],"wp:attachment":[{"href":"https:\/\/xn--theaterbhnemnchenstein-zlce.ch\/index.php\/wp-json\/wp\/v2\/media?parent=456"}],"curies":[{"name":"wp","href":"https:\/\/api.w.org\/{rel}","templated":true}]}}