{"id":2,"date":"2025-10-01T16:53:11","date_gmt":"2025-10-01T16:53:11","guid":{"rendered":"https:\/\/xn--theaterbhnemnchenstein-zlce.ch\/?page_id=2"},"modified":"2026-04-15T08:44:46","modified_gmt":"2026-04-15T08:44:46","slug":"sample-page","status":"publish","type":"page","link":"https:\/\/xn--theaterbhnemnchenstein-zlce.ch\/","title":{"rendered":"Im April f\u00fcr Sie auf unserer B\u00fchne:"},"content":{"rendered":"\n<h1 class=\"wp-block-heading has-text-align-center has-vivid-red-color has-text-color has-link-color wp-elements-ec7407596a4a25c395bf21eae80a0b28\" style=\"font-size:60px\">Die Heirat<\/h1>\n\n\n\n<h1 class=\"wp-block-heading has-text-align-center has-vivid-red-color has-text-color has-link-color wp-elements-427c98c5b112a99a3be370b5b25fa268\" style=\"font-size:40px\">Nikolai W. Gogol<\/h1>\n\n\n\n<p class=\"has-text-align-center has-responsive-global-palette-3-color has-text-color has-link-color wp-elements-668bc59914bdeafaa1e4d77ef5afeefb\" style=\"font-size:22px\">(<a href=\"https:\/\/xn--theaterbhnemnchenstein-zlce.ch\/#autor\" type=\"link\" id=\"https:\/\/xn--theaterbhnemnchenstein-zlce.ch\/#\">-&gt; zum Autor<\/a>)<\/p>\n\n\n\n<p class=\"has-text-align-center has-responsive-global-palette-3-color has-text-color has-link-color wp-elements-fba2b5901a77994c5f117e8af384b6a9\" style=\"font-size:22px\"><strong>Eine ganz und gar unglaubliche Begebenheit in zwei Akten<\/strong><br>(<a href=\"https:\/\/xn--theaterbhnemnchenstein-zlce.ch\/#stueck\" type=\"link\" id=\"https:\/\/xn--theaterbhnemnchenstein-zlce.ch\/#\">-&gt; zum Inhalt<\/a>)<\/p>\n\n\n\n<h1 class=\"wp-block-heading has-text-align-center has-responsive-global-palette-0-color has-text-color has-link-color wp-elements-f843c95bbbef26ffc0c3fd13fef45936\">Regie: Marie-Louise Lienhard Ullrich<\/h1>\n\n\n\n<h1 class=\"wp-block-heading has-text-align-center\" id=\"vorstellungen\" style=\"font-size:36px\">Unsere Vorstellungen:<\/h1>\n\n\n\n<figure class=\"wp-block-table is-style-stripes\"><table><tbody><tr><td>Freitag<\/td><td>17. April 2026<\/td><td>20 Uhr<\/td><\/tr><tr><td>Samstag<\/td><td>18. April 2026<\/td><td>20 Uhr<\/td><\/tr><tr><td>Sonntag<\/td><td>19. April 2026<\/td><td>17 Uhr<\/td><\/tr><tr><td>Mittwoch<\/td><td>22. April 2026<\/td><td>20 Uhr<\/td><\/tr><tr><td>Freitag<\/td><td>24. April 2026<\/td><td>20 Uhr<\/td><\/tr><tr><td>Samstag<\/td><td>25. April 2026<\/td><td>20 Uhr<\/td><\/tr><tr><td>Sonntag<\/td><td>26. April 2026<\/td><td>17 Uhr<\/td><\/tr><tr><td>Mittwoch<\/td><td>29. April 2026<\/td><td>20 Uhr<\/td><\/tr><tr><td>Donnerstag<\/td><td>30. April 2026<\/td><td>20 Uhr<\/td><\/tr><\/tbody><\/table><\/figure>\n\n\n\n<p>Jeweils ab 18.30 Uhr <a href=\"https:\/\/xn--theaterbhnemnchenstein-zlce.ch\/#restauration\">\u00abGediegene Restauration\u00bb (-&gt; siehe unten)<\/a>, sonntags ab 15.30 Uhr und nach der Vorstellung.<\/p>\n\n\n\n<p class=\"has-text-align-center has-vivid-red-color has-text-color has-link-color wp-elements-eeef3c60f1ade8bbea3c94ff419c54f5\" style=\"font-size:24px\"><strong><a href=\"https:\/\/xn--theaterbhnemnchenstein-zlce.ch\/index.php\/reservation\/\" type=\"page\" id=\"281\">-&gt; jetzt hier reservieren -&gt;<\/a><\/strong><\/p>\n\n\n\n<p class=\"has-text-align-center\" style=\"font-size:21px\">oder den <strong>Vorverkauf<\/strong> nutzen bei:<br>&#8211; <strong>Buchcaf\u00e9<\/strong>, Emil-Frey-Strasse 159, 4142 M\u00fcnchenstein<br>&#8211; <strong>Zollweiden Apotheke<\/strong>, Baselstrasse 71, 4142 M\u00fcnchenstein<br><\/p>\n\n\n\n<h1 class=\"wp-block-heading has-responsive-global-palette-4-color has-text-color\">Abstand<\/h1>\n\n\n\n<h1 class=\"wp-block-heading\" id=\"stueck\">Das St\u00fcck<\/h1>\n\n\n\n<p>Gogols &#171;unglaubliche Begebenheit in zwei Akten&#187; handelt vom tr\u00e4gen Hofrat Podkoljesin mit seiner ausgepr\u00e4gten Angst vor der Ehe und spr\u00fcht nur so vor Sprach-, Charakter- und Situationskomik.<br>Hofrat und ewiger Junggeselle Podkoljesin kommt zu dem Schluss, dass man doch irgendwann einmal heiraten muss. Zumindest Schuhe und einen Frack hat er f\u00fcr die Hochzeit schon besorgt, jetzt muss nur noch eine Frau dazu gefunden werden. Das aber ist Aufgabe der Heiratsvermittlerin, die auch schon etwas Passendes im Angebot hat: Die Kaufmannstochter Agafja Tichonowna m\u00f6chte unbedingt einen Adligen zum Mann.<br>Theoretisch mag das funktionieren, doch in der Praxis sieht Podkoljesin \u00fcberall un\u00fcberwindbare H\u00fcrden. Sein Freund Kotschkarjow muss beinahe Gewalt anwenden, um ihn zum Treffen mit der jungen Frau zu bewegen. Doch bei der Brautschau h\u00f6ren die Probleme nicht auf. Denn die Liste der Bewerber ist lang, sie kommen aus allen St\u00e4nden und Berufen, vom schw\u00e4rmerischen Infanterieoffizier a.D. bis zum grobschl\u00e4chtigen Beamten. Da Agafja bei so breit gef\u00e4chertem Angebot nicht gleich eine Entscheidung f\u00e4llen kann, versuchen die ehrenwerten Herren es mit diplomatischem Geschick.<br>Podkoljesin, beruflich von erstaunlichen Qualit\u00e4ten, doch privat eher ein Umstandskr\u00e4mer, m\u00f6chte angesichts der illustren Konkurrenz gleich aufgeben. Sein Freund Kotschkarjow jedoch ist beseelt von seiner Mission, den Freund in den heiligen Hafen der Ehe zu bugsieren und schl\u00e4gt mit taktischer Raffinesse alle anderen Bewerber aus dem Spielfeld. Als endlich alles zum Besten steht, kurzerhand Pfarrer und Hochzeitstafel bestellt sind, zwischen Podkoljesin und Agafja sogar ein Pfl\u00e4nzchen der Sympathie keimt, da \u00fcberst\u00fcrzen sich die Ereignisse&#8230;<br>F\u00fcr niveauvolle und turbulente Unterhaltung ist vorgesorgt.<\/p>\n\n\n\n<h1 class=\"wp-block-heading has-responsive-global-palette-4-color has-text-color\">Abstand<\/h1>\n\n\n\n<h1 class=\"wp-block-heading\" id=\"flyer\">Der Flyer<\/h1>\n\n\n\n<p><strong><a href=\"https:\/\/xn--theaterbhnemnchenstein-zlce.ch\/wp-content\/uploads\/2026\/03\/TBM_Flyer_Heirat_web.pdf\" type=\"link\" id=\"https:\/\/xn--theaterbhnemnchenstein-zlce.ch\/wp-content\/uploads\/2026\/03\/TBM_Flyer_Heirat_web.pdf\" target=\"_blank\" rel=\"noreferrer noopener\">Unser Flyer f\u00fcr Sie zum herunterladen<\/a><\/strong><\/p>\n\n\n\n<figure class=\"wp-block-image size-large\"><a href=\"https:\/\/xn--theaterbhnemnchenstein-zlce.ch\/wp-content\/uploads\/2026\/03\/TBM_Flyer_Heirat_web.pdf\" target=\"_blank\" rel=\" noreferrer noopener\"><img loading=\"lazy\" decoding=\"async\" width=\"1024\" height=\"726\" src=\"https:\/\/xn--theaterbhnemnchenstein-zlce.ch\/wp-content\/uploads\/2026\/03\/TBM_Flyer_Heirat_web-1024x726.png\" alt=\"\" class=\"wp-image-311\" srcset=\"https:\/\/xn--theaterbhnemnchenstein-zlce.ch\/wp-content\/uploads\/2026\/03\/TBM_Flyer_Heirat_web-1024x726.png 1024w, https:\/\/xn--theaterbhnemnchenstein-zlce.ch\/wp-content\/uploads\/2026\/03\/TBM_Flyer_Heirat_web-300x213.png 300w, https:\/\/xn--theaterbhnemnchenstein-zlce.ch\/wp-content\/uploads\/2026\/03\/TBM_Flyer_Heirat_web-768x544.png 768w, https:\/\/xn--theaterbhnemnchenstein-zlce.ch\/wp-content\/uploads\/2026\/03\/TBM_Flyer_Heirat_web-100x71.png 100w, https:\/\/xn--theaterbhnemnchenstein-zlce.ch\/wp-content\/uploads\/2026\/03\/TBM_Flyer_Heirat_web-150x106.png 150w, https:\/\/xn--theaterbhnemnchenstein-zlce.ch\/wp-content\/uploads\/2026\/03\/TBM_Flyer_Heirat_web-200x142.png 200w, https:\/\/xn--theaterbhnemnchenstein-zlce.ch\/wp-content\/uploads\/2026\/03\/TBM_Flyer_Heirat_web-450x319.png 450w, https:\/\/xn--theaterbhnemnchenstein-zlce.ch\/wp-content\/uploads\/2026\/03\/TBM_Flyer_Heirat_web-600x425.png 600w, https:\/\/xn--theaterbhnemnchenstein-zlce.ch\/wp-content\/uploads\/2026\/03\/TBM_Flyer_Heirat_web-900x638.png 900w, https:\/\/xn--theaterbhnemnchenstein-zlce.ch\/wp-content\/uploads\/2026\/03\/TBM_Flyer_Heirat_web.png 1257w\" sizes=\"auto, (max-width: 1024px) 100vw, 1024px\" \/><\/a><\/figure>\n\n\n\n<h1 class=\"wp-block-heading has-responsive-global-palette-4-color has-text-color\">Abstand<\/h1>\n\n\n\n<h1 class=\"wp-block-heading\" id=\"restauration\">&#171;Gediegene Restauration&#187;<\/h1>\n\n\n\n<p>Zum Essen gibt es <strong>\u0431\u043e\u0440\u0449<\/strong> also Borschtsch garniert mit Cr\u00e8me fraiche, wahlweise mit oder ohne Schweinsw\u00fcrstchen und dazu dunkles Brot.<br>Borschtsch ist ein Nationalgericht der Ukraine. Die ukrainische Borschtsch-Kultur wurde 2022 von der UNESCO\u00a0als sch\u00fctzenswertes Weltkulturerbe anerkannt.<\/p>\n\n\n\n<p>Auch eine Auswahl an Kuchen wird angeboten<\/p>\n\n\n\n<p>Zum Trinken gibt es Mineral, diverse S\u00fcssgetr\u00e4nke, Bier, Wein und Prosecco, sowie Kaffee und Tee. F\u00fcr Liebhaber wird auch Vodka ausgeschenkt.<\/p>\n\n\n\n<h1 class=\"wp-block-heading has-responsive-global-palette-4-color has-text-color\">Abstand<\/h1>\n\n\n\n<h1 class=\"wp-block-heading\" id=\"autor\">Der Autor<\/h1>\n\n\n\n<p class=\"has-text-align-left\">Nikolai Janowski wurde am 1. April 1809 in Sorotschinzy (heute Welyki Sorotschynzi in der Ukraine) als Sohn von Wassili Afanassjewitsch Janowski (1777\u20131825), Grundbesitzer des Dorfes Wassiljewka (heute Gogolewo) in der Region Poltawa, und seiner Frau Marija Iwanowna (1791\u20131868) geboren. Die Frage nach der Herkunft der Familie Janowski ist nicht endg\u00fcltig gekl\u00e4rt, die Vorfahren des Schriftstellers kamen aus dem Kleinadel. Um die Adelsprivilegien von der Regierung zu bekommen, verwendete die Familie ab 1821 den Doppelnamen Gogol-Janowski. Gogol sollte an kosakische Vorfahren der Familie erinnern.<br>Gogols Vater galt als Tr\u00e4umer und es wird angenommen, dass die B\u00fchnenaktivit\u00e4ten seines Vaters, der ein ausgezeichneter Erz\u00e4hler war und Theaterst\u00fccke f\u00fcr das Bauerntheater auf Ukrainisch und auf Russisch schrieb, die Interessen des zuk\u00fcnftigen Schriftstellers bestimmt haben \u2014 Gogols fr\u00fches Interesse am Theater. Gogols Mutter, Marija Iwanowna, geborene Kosjarowskaja, wurde 1805 im Alter von vierzehn Jahren verheiratet. Der Br\u00e4utigam war doppelt so alt wie sie.<br>In Neschin ging Gogol zum Studium ins F\u00fcrst-Besborodko-Lyzeum. W\u00e4hrend seines Schulbesuchs am Lyzeum litt Gogol an Skrofulose (Tuberkulose der Halslymphknoten) und schaffte es, dem Spott der Mitsch\u00fcler durch \u00dcberspitzungen zu entgehen. Er war klein, krumm gewachsen und d\u00fcnn, hatte schlechte Haut und eine \u00fcberm\u00e4\u00dfig lange, spitze Nase. Zeitgenossen r\u00e4tselten \u00fcber sein m\u00fcrrisches, konzentriertes, d\u00fcsteres, aber kluges Wesen mit autistischen Z\u00fcgen. Der 18-j\u00e4hrige Gogol notierte: \u201eAlle halten mich f\u00fcr ein R\u00e4tsel.\u201c Als sein Vater starb, war Gogol sechzehn.<br>In dieser Zeit schrieb Gogol seine ersten literarischen Werke und ver\u00f6ffentlichte einige davon unter Pseudonym in Manuskripten und Almanachen. Als 19-j\u00e4hriger ging er nach Sankt Petersburg und versuchte 1828, eine Anstellung an der dortigen Universit\u00e4t zu erhalten, was ihm nicht gelang. Daraufhin unternahm Gogol eine Reise nach Deutschland und versuchte es mit der Schauspielerei. 1829 erhielt er eine Stelle im russischen Staatsdienst. 1831 gab er seine Anstellung jedoch wieder auf und wurde Geschichtslehrer an einer Privatschule f\u00fcr M\u00e4dchen. Er lernte den Dichter Alexander Puschkin kennen, der ihm Freund und F\u00f6rderer wurde und ihm den Weg in die russische Literatur wies. So regte Puschkin an, den <em>Revisor<\/em> und <em>Die toten Seelen<\/em> zu schreiben \u2013 beide Werke fanden sp\u00e4ter h\u00f6chste Anerkennung. Puschkin verschaffte Gogol auch wiederholt Arbeit als Privatlehrer und Universit\u00e4tsprofessor, wenngleich Gogol diese T\u00e4tigkeiten nie lange aus\u00fcbte.<br>Gogol feierte mit seinen volkst\u00fcmlichen ukrainischen Erz\u00e4hlungen (<em>Die Abende auf einem Weiler bei Dikanka<\/em>) einen \u00dcberraschungserfolg. Noch \u00fcberwog die Komik in der Darstellung der Teufel und Hexen, jedoch wurde schon hier die Neigung zum alles durchdringenden D\u00e4monischen deutlich, die sich in Gogols sp\u00e4teren Werken voll entwickelte. Eine weitere Sammlung von Dorfgeschichten mit dem ukrainischen Thema, Mirgorod (\u041c\u0438\u0440\u0433\u043e\u0440\u043e\u0434, 1835), kn\u00fcpft an den Erfolg der Abende an und nimmt bereits entscheidende Momente von Gogols reiferen Werken vorweg. Zu dieser Zeit wurde Gogol einer der wichtigsten Vertreter der \u201eukrainischen Schule\u201c in der russischen Literatur.<br>1834 wurde Gogol Assistenz-Professor am Lehrstuhl f\u00fcr Allgemeine Geschichte an der Universit\u00e4t Sankt Petersburg. Diese Stellung musste er im Dezember 1835 wieder aufgeben, da er nicht die formalen Qualifikationen besa\u00df, die ein neues Universit\u00e4tsgesetz verlangte. <br>Mit den sogenannten <em>Petersburger Erz\u00e4hlungen<\/em> (\u041f\u0435\u0442\u0435\u0440\u0431\u0443\u0440\u0433\u0441\u043a\u0438\u0435 \u043f\u043e\u0432\u0435\u0441\u0442\u0438, 1842) wandte sich Gogol der russischen Metropole und neuen Themen zu: Sie zeigen das Leben von Beamten, Offizieren und Handwerkern in der Gro\u00dfstadt, in der Laster und Geldgier herrschen und wo sich das D\u00e4monische \u00fcberall im Allt\u00e4glichen manifestieren kann. Das Beamtentum wird auch in seiner Kom\u00f6die <em>Der Revisor<\/em> (\u0420\u0435\u0432\u0438\u0437\u043e\u0440, 1836) karikiert, deren Sujet auf einen Vorschlag Puschkins zur\u00fcckgeht.<br>Sein Hauptwerk, <em>Die toten Seelen<\/em> (\u041c\u0435\u0440\u0442\u0432\u044b\u0435 \u0434\u0443\u0448\u0438), erschien im Mai 1842 zensurbedingt unter dem Titel <em>Die Abenteuer von Tschitschikow<\/em>. Die Titel\u00e4nderung und einige andere Modifikationen waren von der Petersburger Zensurkommission verh\u00e4ngt worden, nachdem die Moskauer Zensurkommission (bei der Gogol das Manuskript urspr\u00fcnglich eingereicht hatte) die Genehmigung verweigert hatte, da die Seele als unsterblich galt und es daher keine toten Seelen g\u00e4be. Der Protagonist des Romans, Tschitschikow, ist entschlossen, sich mit allen Mitteln zu bereichern. Er entdeckt, dass er Bankdarlehen vom Staat gegen die B\u00fcrgschaft der Leibeigenen, in b\u00fcrokratischer Sprache <em>die Seelen<\/em>, erhalten kann. Da er gar keine hat, reist er in die Provinzen, um jene Gutsbesitzer zu suchen, denen nach der letzten Volksz\u00e4hlung Knechte gestorben sind, f\u00fcr die sie bis zur n\u00e4chsten Z\u00e4hlung noch Steuern zahlen m\u00fcssen. Alle wollen ihm ihre \u201etoten Seelen\u201c verkaufen. Alle Fehler und M\u00e4ngel des Landadels hebt Gogol durch seine satirische Kom\u00f6die hervor. Er beschrieb treffend die teils gro\u00dfspurige wie korrupte Lebensart des russischen Landadels. Als Gutsbesitzer lebten viele Adlige ein zur\u00fcckgezogenes Leben auf ihren Landg\u00fctern. Ihre S\u00f6hne gingen meist als Offiziere zur Armee, wo sie spielten und sich duellierten. Die Bauern waren Leibeigene.<br>Zwischen 1836 und 1848 unternahm Gogol Reisen durch Deutschland, die Schweiz, \u00d6sterreich, Frankreich und Italien und durchlief eine schwere sch\u00f6pferische Krise. 1848 begab er sich auf eine Wallfahrt nach Pal\u00e4stina und geriet unter den Einfluss eines exaltierten Priesters, der seine Werke als verderbt ansah. In einem Anfall religi\u00f6sen Wahns verbrannte er daraufhin das Manuskript des zweiten Teils der \u201eToten Seelen\u201c.<br>\u00dcber Gogols Tod gibt es mehrere Ger\u00fcchte. Nach der allgemein akzeptierten Version ging Gogol am 18. Februar 1852 zu Bett und h\u00f6rte auf zu essen. Am 20. Februar beschloss ein Rat aus \u00c4rzten, eine k\u00fcnstliche Ern\u00e4hrung unter Zwang durchzuf\u00fchren. Dies f\u00fchrte zur endg\u00fcltigen Ersch\u00f6pfung und Kraftlosigkeit. Gogol fiel am Abend in Ohnmacht und starb am Morgen des 21. Februar im Alter von 42 Jahren.<\/p>\n\n\n\n<p><\/p>\n","protected":false},"excerpt":{"rendered":"<p>Die Heirat Nikolai W. Gogol (-&gt; zum Autor) Eine ganz und gar unglaubliche Begebenheit in zwei Akten(-&gt; zum Inhalt) Regie: Marie-Louise Lienhard Ullrich Unsere Vorstellungen: Freitag 17. April 2026 20 Uhr Samstag 18. April 2026 20 Uhr Sonntag 19. April &hellip;<\/p>\n<p class=\"read-more\"> <a class=\"more-link\" href=\"https:\/\/xn--theaterbhnemnchenstein-zlce.ch\/\"> <span class=\"screen-reader-text\">Im April f\u00fcr Sie auf unserer B\u00fchne:<\/span> Read More &raquo;<\/a><\/p>\n","protected":false},"author":1,"featured_media":0,"parent":0,"menu_order":0,"comment_status":"closed","ping_status":"open","template":"","meta":{"footnotes":""},"class_list":["post-2","page","type-page","status-publish","hentry"],"yoast_head":"<!-- This site is optimized with the Yoast SEO plugin v27.3 - https:\/\/yoast.com\/product\/yoast-seo-wordpress\/ -->\n<title>Im April f\u00fcr Sie auf unserer B\u00fchne: - Theaterb\u00fchne M\u00fcnchenstein<\/title>\n<meta name=\"robots\" content=\"index, follow, max-snippet:-1, max-image-preview:large, max-video-preview:-1\" \/>\n<link rel=\"canonical\" href=\"https:\/\/xn--theaterbhnemnchenstein-zlce.ch\/\" \/>\n<meta property=\"og:locale\" content=\"de_DE\" \/>\n<meta property=\"og:type\" content=\"article\" \/>\n<meta property=\"og:title\" content=\"Im April f\u00fcr Sie auf unserer B\u00fchne: - Theaterb\u00fchne M\u00fcnchenstein\" \/>\n<meta property=\"og:description\" content=\"Die Heirat Nikolai W. Gogol (-&gt; zum Autor) Eine ganz und gar unglaubliche Begebenheit in zwei Akten(-&gt; zum Inhalt) Regie: Marie-Louise Lienhard Ullrich Unsere Vorstellungen: Freitag 17. April 2026 20 Uhr Samstag 18. April 2026 20 Uhr Sonntag 19. April &hellip; Im April f\u00fcr Sie auf unserer B\u00fchne: Read More &raquo;\" \/>\n<meta property=\"og:url\" content=\"https:\/\/xn--theaterbhnemnchenstein-zlce.ch\/\" \/>\n<meta property=\"og:site_name\" content=\"Theaterb\u00fchne M\u00fcnchenstein\" \/>\n<meta property=\"article:modified_time\" content=\"2026-04-15T08:44:46+00:00\" \/>\n<meta property=\"og:image\" content=\"https:\/\/xn--theaterbhnemnchenstein-zlce.ch\/wp-content\/uploads\/2026\/03\/TBM_Flyer_Heirat_web.png\" \/>\n\t<meta property=\"og:image:width\" content=\"1257\" \/>\n\t<meta property=\"og:image:height\" content=\"891\" \/>\n\t<meta property=\"og:image:type\" content=\"image\/png\" \/>\n<meta name=\"twitter:card\" content=\"summary_large_image\" \/>\n<meta name=\"twitter:label1\" content=\"Gesch\u00e4tzte Lesezeit\" \/>\n\t<meta name=\"twitter:data1\" content=\"8\u00a0Minuten\" \/>\n<script type=\"application\/ld+json\" class=\"yoast-schema-graph\">{\"@context\":\"https:\\\/\\\/schema.org\",\"@graph\":[{\"@type\":\"WebPage\",\"@id\":\"https:\\\/\\\/xn--theaterbhnemnchenstein-zlce.ch\\\/\",\"url\":\"https:\\\/\\\/xn--theaterbhnemnchenstein-zlce.ch\\\/\",\"name\":\"Im April f\u00fcr Sie auf unserer B\u00fchne: - Theaterb\u00fchne M\u00fcnchenstein\",\"isPartOf\":{\"@id\":\"https:\\\/\\\/xn--theaterbhnemnchenstein-zlce.ch\\\/#website\"},\"primaryImageOfPage\":{\"@id\":\"https:\\\/\\\/xn--theaterbhnemnchenstein-zlce.ch\\\/#primaryimage\"},\"image\":{\"@id\":\"https:\\\/\\\/xn--theaterbhnemnchenstein-zlce.ch\\\/#primaryimage\"},\"thumbnailUrl\":\"https:\\\/\\\/xn--theaterbhnemnchenstein-zlce.ch\\\/wp-content\\\/uploads\\\/2026\\\/03\\\/TBM_Flyer_Heirat_web-1024x726.png\",\"datePublished\":\"2025-10-01T16:53:11+00:00\",\"dateModified\":\"2026-04-15T08:44:46+00:00\",\"breadcrumb\":{\"@id\":\"https:\\\/\\\/xn--theaterbhnemnchenstein-zlce.ch\\\/#breadcrumb\"},\"inLanguage\":\"de-CH\",\"potentialAction\":[{\"@type\":\"ReadAction\",\"target\":[\"https:\\\/\\\/xn--theaterbhnemnchenstein-zlce.ch\\\/\"]}]},{\"@type\":\"ImageObject\",\"inLanguage\":\"de-CH\",\"@id\":\"https:\\\/\\\/xn--theaterbhnemnchenstein-zlce.ch\\\/#primaryimage\",\"url\":\"https:\\\/\\\/xn--theaterbhnemnchenstein-zlce.ch\\\/wp-content\\\/uploads\\\/2026\\\/03\\\/TBM_Flyer_Heirat_web.png\",\"contentUrl\":\"https:\\\/\\\/xn--theaterbhnemnchenstein-zlce.ch\\\/wp-content\\\/uploads\\\/2026\\\/03\\\/TBM_Flyer_Heirat_web.png\",\"width\":1257,\"height\":891},{\"@type\":\"BreadcrumbList\",\"@id\":\"https:\\\/\\\/xn--theaterbhnemnchenstein-zlce.ch\\\/#breadcrumb\",\"itemListElement\":[{\"@type\":\"ListItem\",\"position\":1,\"name\":\"Startseite\",\"item\":\"https:\\\/\\\/xn--theaterbhnemnchenstein-zlce.ch\\\/\"},{\"@type\":\"ListItem\",\"position\":2,\"name\":\"Im April f\u00fcr Sie auf unserer B\u00fchne:\"}]},{\"@type\":\"WebSite\",\"@id\":\"https:\\\/\\\/xn--theaterbhnemnchenstein-zlce.ch\\\/#website\",\"url\":\"https:\\\/\\\/xn--theaterbhnemnchenstein-zlce.ch\\\/\",\"name\":\"Theaterb\u00fchne M\u00fcnchenstein\",\"description\":\"\",\"publisher\":{\"@id\":\"https:\\\/\\\/xn--theaterbhnemnchenstein-zlce.ch\\\/#organization\"},\"potentialAction\":[{\"@type\":\"SearchAction\",\"target\":{\"@type\":\"EntryPoint\",\"urlTemplate\":\"https:\\\/\\\/xn--theaterbhnemnchenstein-zlce.ch\\\/?s={search_term_string}\"},\"query-input\":{\"@type\":\"PropertyValueSpecification\",\"valueRequired\":true,\"valueName\":\"search_term_string\"}}],\"inLanguage\":\"de-CH\"},{\"@type\":\"Organization\",\"@id\":\"https:\\\/\\\/xn--theaterbhnemnchenstein-zlce.ch\\\/#organization\",\"name\":\"Theaterb\u00fchne M\u00fcnchenstein\",\"url\":\"https:\\\/\\\/xn--theaterbhnemnchenstein-zlce.ch\\\/\",\"logo\":{\"@type\":\"ImageObject\",\"inLanguage\":\"de-CH\",\"@id\":\"https:\\\/\\\/xn--theaterbhnemnchenstein-zlce.ch\\\/#\\\/schema\\\/logo\\\/image\\\/\",\"url\":\"https:\\\/\\\/xn--theaterbhnemnchenstein-zlce.ch\\\/wp-content\\\/uploads\\\/2025\\\/10\\\/Logo.png\",\"contentUrl\":\"https:\\\/\\\/xn--theaterbhnemnchenstein-zlce.ch\\\/wp-content\\\/uploads\\\/2025\\\/10\\\/Logo.png\",\"width\":200,\"height\":69,\"caption\":\"Theaterb\u00fchne M\u00fcnchenstein\"},\"image\":{\"@id\":\"https:\\\/\\\/xn--theaterbhnemnchenstein-zlce.ch\\\/#\\\/schema\\\/logo\\\/image\\\/\"}}]}<\/script>\n<!-- \/ Yoast SEO plugin. -->","yoast_head_json":{"title":"Im April f\u00fcr Sie auf unserer B\u00fchne: - Theaterb\u00fchne M\u00fcnchenstein","robots":{"index":"index","follow":"follow","max-snippet":"max-snippet:-1","max-image-preview":"max-image-preview:large","max-video-preview":"max-video-preview:-1"},"canonical":"https:\/\/xn--theaterbhnemnchenstein-zlce.ch\/","og_locale":"de_DE","og_type":"article","og_title":"Im April f\u00fcr Sie auf unserer B\u00fchne: - Theaterb\u00fchne M\u00fcnchenstein","og_description":"Die Heirat Nikolai W. Gogol (-&gt; zum Autor) Eine ganz und gar unglaubliche Begebenheit in zwei Akten(-&gt; zum Inhalt) Regie: Marie-Louise Lienhard Ullrich Unsere Vorstellungen: Freitag 17. April 2026 20 Uhr Samstag 18. April 2026 20 Uhr Sonntag 19. April &hellip; Im April f\u00fcr Sie auf unserer B\u00fchne: Read More &raquo;","og_url":"https:\/\/xn--theaterbhnemnchenstein-zlce.ch\/","og_site_name":"Theaterb\u00fchne M\u00fcnchenstein","article_modified_time":"2026-04-15T08:44:46+00:00","og_image":[{"width":1257,"height":891,"url":"https:\/\/xn--theaterbhnemnchenstein-zlce.ch\/wp-content\/uploads\/2026\/03\/TBM_Flyer_Heirat_web.png","type":"image\/png"}],"twitter_card":"summary_large_image","twitter_misc":{"Gesch\u00e4tzte Lesezeit":"8\u00a0Minuten"},"schema":{"@context":"https:\/\/schema.org","@graph":[{"@type":"WebPage","@id":"https:\/\/xn--theaterbhnemnchenstein-zlce.ch\/","url":"https:\/\/xn--theaterbhnemnchenstein-zlce.ch\/","name":"Im April f\u00fcr Sie auf unserer B\u00fchne: - Theaterb\u00fchne M\u00fcnchenstein","isPartOf":{"@id":"https:\/\/xn--theaterbhnemnchenstein-zlce.ch\/#website"},"primaryImageOfPage":{"@id":"https:\/\/xn--theaterbhnemnchenstein-zlce.ch\/#primaryimage"},"image":{"@id":"https:\/\/xn--theaterbhnemnchenstein-zlce.ch\/#primaryimage"},"thumbnailUrl":"https:\/\/xn--theaterbhnemnchenstein-zlce.ch\/wp-content\/uploads\/2026\/03\/TBM_Flyer_Heirat_web-1024x726.png","datePublished":"2025-10-01T16:53:11+00:00","dateModified":"2026-04-15T08:44:46+00:00","breadcrumb":{"@id":"https:\/\/xn--theaterbhnemnchenstein-zlce.ch\/#breadcrumb"},"inLanguage":"de-CH","potentialAction":[{"@type":"ReadAction","target":["https:\/\/xn--theaterbhnemnchenstein-zlce.ch\/"]}]},{"@type":"ImageObject","inLanguage":"de-CH","@id":"https:\/\/xn--theaterbhnemnchenstein-zlce.ch\/#primaryimage","url":"https:\/\/xn--theaterbhnemnchenstein-zlce.ch\/wp-content\/uploads\/2026\/03\/TBM_Flyer_Heirat_web.png","contentUrl":"https:\/\/xn--theaterbhnemnchenstein-zlce.ch\/wp-content\/uploads\/2026\/03\/TBM_Flyer_Heirat_web.png","width":1257,"height":891},{"@type":"BreadcrumbList","@id":"https:\/\/xn--theaterbhnemnchenstein-zlce.ch\/#breadcrumb","itemListElement":[{"@type":"ListItem","position":1,"name":"Startseite","item":"https:\/\/xn--theaterbhnemnchenstein-zlce.ch\/"},{"@type":"ListItem","position":2,"name":"Im April f\u00fcr Sie auf unserer B\u00fchne:"}]},{"@type":"WebSite","@id":"https:\/\/xn--theaterbhnemnchenstein-zlce.ch\/#website","url":"https:\/\/xn--theaterbhnemnchenstein-zlce.ch\/","name":"Theaterb\u00fchne M\u00fcnchenstein","description":"","publisher":{"@id":"https:\/\/xn--theaterbhnemnchenstein-zlce.ch\/#organization"},"potentialAction":[{"@type":"SearchAction","target":{"@type":"EntryPoint","urlTemplate":"https:\/\/xn--theaterbhnemnchenstein-zlce.ch\/?s={search_term_string}"},"query-input":{"@type":"PropertyValueSpecification","valueRequired":true,"valueName":"search_term_string"}}],"inLanguage":"de-CH"},{"@type":"Organization","@id":"https:\/\/xn--theaterbhnemnchenstein-zlce.ch\/#organization","name":"Theaterb\u00fchne M\u00fcnchenstein","url":"https:\/\/xn--theaterbhnemnchenstein-zlce.ch\/","logo":{"@type":"ImageObject","inLanguage":"de-CH","@id":"https:\/\/xn--theaterbhnemnchenstein-zlce.ch\/#\/schema\/logo\/image\/","url":"https:\/\/xn--theaterbhnemnchenstein-zlce.ch\/wp-content\/uploads\/2025\/10\/Logo.png","contentUrl":"https:\/\/xn--theaterbhnemnchenstein-zlce.ch\/wp-content\/uploads\/2025\/10\/Logo.png","width":200,"height":69,"caption":"Theaterb\u00fchne M\u00fcnchenstein"},"image":{"@id":"https:\/\/xn--theaterbhnemnchenstein-zlce.ch\/#\/schema\/logo\/image\/"}}]}},"_links":{"self":[{"href":"https:\/\/xn--theaterbhnemnchenstein-zlce.ch\/index.php\/wp-json\/wp\/v2\/pages\/2","targetHints":{"allow":["GET"]}}],"collection":[{"href":"https:\/\/xn--theaterbhnemnchenstein-zlce.ch\/index.php\/wp-json\/wp\/v2\/pages"}],"about":[{"href":"https:\/\/xn--theaterbhnemnchenstein-zlce.ch\/index.php\/wp-json\/wp\/v2\/types\/page"}],"author":[{"embeddable":true,"href":"https:\/\/xn--theaterbhnemnchenstein-zlce.ch\/index.php\/wp-json\/wp\/v2\/users\/1"}],"replies":[{"embeddable":true,"href":"https:\/\/xn--theaterbhnemnchenstein-zlce.ch\/index.php\/wp-json\/wp\/v2\/comments?post=2"}],"version-history":[{"count":82,"href":"https:\/\/xn--theaterbhnemnchenstein-zlce.ch\/index.php\/wp-json\/wp\/v2\/pages\/2\/revisions"}],"predecessor-version":[{"id":485,"href":"https:\/\/xn--theaterbhnemnchenstein-zlce.ch\/index.php\/wp-json\/wp\/v2\/pages\/2\/revisions\/485"}],"wp:attachment":[{"href":"https:\/\/xn--theaterbhnemnchenstein-zlce.ch\/index.php\/wp-json\/wp\/v2\/media?parent=2"}],"curies":[{"name":"wp","href":"https:\/\/api.w.org\/{rel}","templated":true}]}}