{"id":120,"date":"2025-10-13T18:32:48","date_gmt":"2025-10-13T18:32:48","guid":{"rendered":"https:\/\/xn--theaterbhnemnchenstein-zlce.ch\/?page_id=120"},"modified":"2025-10-16T13:54:55","modified_gmt":"2025-10-16T13:54:55","slug":"der-blick-zurueck","status":"publish","type":"page","link":"https:\/\/xn--theaterbhnemnchenstein-zlce.ch\/index.php\/der-blick-zurueck\/","title":{"rendered":"Der Blick zur\u00fcck"},"content":{"rendered":"\n<h1 class=\"wp-block-heading\"><a href=\"https:\/\/xn--theaterbhnemnchenstein-zlce.ch\/index.php\/der-blick-zurueck\/einmal-bali-und-zurueck\/\">2025<\/a><\/h1>\n\n\n\n<h2 class=\"wp-block-heading has-large-font-size\"><a href=\"https:\/\/xn--theaterbhnemnchenstein-zlce.ch\/index.php\/der-blick-zurueck\/einmal-bali-und-zurueck\/\">Einmal Bali und zur\u00fcck<\/a><\/h2>\n\n\n\n<h1 class=\"wp-block-heading\">2023<\/h1>\n\n\n\n<h2 class=\"wp-block-heading\">Der gr\u00fcne Kakadu<\/h2>\n\n\n\n<h2 class=\"wp-block-heading has-text-color has-link-color wp-elements-f17cb425c3306edc0190d5f491b405b3\" style=\"color:#ff0000\">(folgt n\u00e4chste Woche)<\/h2>\n\n\n\n<h1 class=\"wp-block-heading\">2022<\/h1>\n\n\n\n<h2 class=\"wp-block-heading\">DasTestament<\/h2>\n\n\n\n<h2 class=\"wp-block-heading has-text-color has-link-color wp-elements-f17cb425c3306edc0190d5f491b405b3\" style=\"color:#ff0000\">(folgt n\u00e4chste Woche)<\/h2>\n","protected":false},"excerpt":{"rendered":"<p>2025 Einmal Bali und zur\u00fcck 2023 Der gr\u00fcne Kakadu (folgt n\u00e4chste Woche) 2022 DasTestament (folgt n\u00e4chste Woche)<\/p>\n","protected":false},"author":1,"featured_media":0,"parent":0,"menu_order":0,"comment_status":"closed","ping_status":"closed","template":"","meta":{"footnotes":""},"class_list":["post-120","page","type-page","status-publish","hentry"],"yoast_head":"<!-- This site is optimized with the Yoast SEO plugin v27.3 - https:\/\/yoast.com\/product\/yoast-seo-wordpress\/ -->\n<title>Der Blick zur\u00fcck - Theaterb\u00fchne M\u00fcnchenstein<\/title>\n<meta name=\"robots\" content=\"index, follow, max-snippet:-1, max-image-preview:large, max-video-preview:-1\" \/>\n<link rel=\"canonical\" href=\"https:\/\/xn--theaterbhnemnchenstein-zlce.ch\/index.php\/der-blick-zurueck\/\" \/>\n<meta property=\"og:locale\" content=\"de_DE\" \/>\n<meta property=\"og:type\" content=\"article\" \/>\n<meta property=\"og:title\" content=\"Der Blick zur\u00fcck - Theaterb\u00fchne M\u00fcnchenstein\" \/>\n<meta property=\"og:description\" content=\"2025 Einmal Bali und zur\u00fcck 2023 Der gr\u00fcne Kakadu (folgt n\u00e4chste Woche) 2022 DasTestament (folgt n\u00e4chste Woche)\" \/>\n<meta property=\"og:url\" content=\"https:\/\/xn--theaterbhnemnchenstein-zlce.ch\/index.php\/der-blick-zurueck\/\" \/>\n<meta property=\"og:site_name\" content=\"Theaterb\u00fchne M\u00fcnchenstein\" \/>\n<meta property=\"article:modified_time\" content=\"2025-10-16T13:54:55+00:00\" \/>\n<meta name=\"twitter:card\" content=\"summary_large_image\" \/>\n<meta name=\"twitter:label1\" content=\"Gesch\u00e4tzte Lesezeit\" \/>\n\t<meta name=\"twitter:data1\" content=\"1\u00a0Minute\" \/>\n<script type=\"application\/ld+json\" class=\"yoast-schema-graph\">{\"@context\":\"https:\\\/\\\/schema.org\",\"@graph\":[{\"@type\":\"WebPage\",\"@id\":\"https:\\\/\\\/xn--theaterbhnemnchenstein-zlce.ch\\\/index.php\\\/der-blick-zurueck\\\/\",\"url\":\"https:\\\/\\\/xn--theaterbhnemnchenstein-zlce.ch\\\/index.php\\\/der-blick-zurueck\\\/\",\"name\":\"Der Blick zur\u00fcck - Theaterb\u00fchne M\u00fcnchenstein\",\"isPartOf\":{\"@id\":\"https:\\\/\\\/xn--theaterbhnemnchenstein-zlce.ch\\\/#website\"},\"datePublished\":\"2025-10-13T18:32:48+00:00\",\"dateModified\":\"2025-10-16T13:54:55+00:00\",\"breadcrumb\":{\"@id\":\"https:\\\/\\\/xn--theaterbhnemnchenstein-zlce.ch\\\/index.php\\\/der-blick-zurueck\\\/#breadcrumb\"},\"inLanguage\":\"de-CH\",\"potentialAction\":[{\"@type\":\"ReadAction\",\"target\":[\"https:\\\/\\\/xn--theaterbhnemnchenstein-zlce.ch\\\/index.php\\\/der-blick-zurueck\\\/\"]}]},{\"@type\":\"BreadcrumbList\",\"@id\":\"https:\\\/\\\/xn--theaterbhnemnchenstein-zlce.ch\\\/index.php\\\/der-blick-zurueck\\\/#breadcrumb\",\"itemListElement\":[{\"@type\":\"ListItem\",\"position\":1,\"name\":\"Startseite\",\"item\":\"https:\\\/\\\/xn--theaterbhnemnchenstein-zlce.ch\\\/\"},{\"@type\":\"ListItem\",\"position\":2,\"name\":\"Der Blick zur\u00fcck\"}]},{\"@type\":\"WebSite\",\"@id\":\"https:\\\/\\\/xn--theaterbhnemnchenstein-zlce.ch\\\/#website\",\"url\":\"https:\\\/\\\/xn--theaterbhnemnchenstein-zlce.ch\\\/\",\"name\":\"Theaterb\u00fchne M\u00fcnchenstein\",\"description\":\"\",\"publisher\":{\"@id\":\"https:\\\/\\\/xn--theaterbhnemnchenstein-zlce.ch\\\/#organization\"},\"potentialAction\":[{\"@type\":\"SearchAction\",\"target\":{\"@type\":\"EntryPoint\",\"urlTemplate\":\"https:\\\/\\\/xn--theaterbhnemnchenstein-zlce.ch\\\/?s={search_term_string}\"},\"query-input\":{\"@type\":\"PropertyValueSpecification\",\"valueRequired\":true,\"valueName\":\"search_term_string\"}}],\"inLanguage\":\"de-CH\"},{\"@type\":\"Organization\",\"@id\":\"https:\\\/\\\/xn--theaterbhnemnchenstein-zlce.ch\\\/#organization\",\"name\":\"Theaterb\u00fchne M\u00fcnchenstein\",\"url\":\"https:\\\/\\\/xn--theaterbhnemnchenstein-zlce.ch\\\/\",\"logo\":{\"@type\":\"ImageObject\",\"inLanguage\":\"de-CH\",\"@id\":\"https:\\\/\\\/xn--theaterbhnemnchenstein-zlce.ch\\\/#\\\/schema\\\/logo\\\/image\\\/\",\"url\":\"https:\\\/\\\/xn--theaterbhnemnchenstein-zlce.ch\\\/wp-content\\\/uploads\\\/2025\\\/10\\\/Logo.png\",\"contentUrl\":\"https:\\\/\\\/xn--theaterbhnemnchenstein-zlce.ch\\\/wp-content\\\/uploads\\\/2025\\\/10\\\/Logo.png\",\"width\":200,\"height\":69,\"caption\":\"Theaterb\u00fchne M\u00fcnchenstein\"},\"image\":{\"@id\":\"https:\\\/\\\/xn--theaterbhnemnchenstein-zlce.ch\\\/#\\\/schema\\\/logo\\\/image\\\/\"}}]}<\/script>\n<!-- \/ Yoast SEO plugin. -->","yoast_head_json":{"title":"Der Blick zur\u00fcck - Theaterb\u00fchne M\u00fcnchenstein","robots":{"index":"index","follow":"follow","max-snippet":"max-snippet:-1","max-image-preview":"max-image-preview:large","max-video-preview":"max-video-preview:-1"},"canonical":"https:\/\/xn--theaterbhnemnchenstein-zlce.ch\/index.php\/der-blick-zurueck\/","og_locale":"de_DE","og_type":"article","og_title":"Der Blick zur\u00fcck - Theaterb\u00fchne M\u00fcnchenstein","og_description":"2025 Einmal Bali und zur\u00fcck 2023 Der gr\u00fcne Kakadu (folgt n\u00e4chste Woche) 2022 DasTestament (folgt n\u00e4chste Woche)","og_url":"https:\/\/xn--theaterbhnemnchenstein-zlce.ch\/index.php\/der-blick-zurueck\/","og_site_name":"Theaterb\u00fchne M\u00fcnchenstein","article_modified_time":"2025-10-16T13:54:55+00:00","twitter_card":"summary_large_image","twitter_misc":{"Gesch\u00e4tzte Lesezeit":"1\u00a0Minute"},"schema":{"@context":"https:\/\/schema.org","@graph":[{"@type":"WebPage","@id":"https:\/\/xn--theaterbhnemnchenstein-zlce.ch\/index.php\/der-blick-zurueck\/","url":"https:\/\/xn--theaterbhnemnchenstein-zlce.ch\/index.php\/der-blick-zurueck\/","name":"Der Blick zur\u00fcck - Theaterb\u00fchne M\u00fcnchenstein","isPartOf":{"@id":"https:\/\/xn--theaterbhnemnchenstein-zlce.ch\/#website"},"datePublished":"2025-10-13T18:32:48+00:00","dateModified":"2025-10-16T13:54:55+00:00","breadcrumb":{"@id":"https:\/\/xn--theaterbhnemnchenstein-zlce.ch\/index.php\/der-blick-zurueck\/#breadcrumb"},"inLanguage":"de-CH","potentialAction":[{"@type":"ReadAction","target":["https:\/\/xn--theaterbhnemnchenstein-zlce.ch\/index.php\/der-blick-zurueck\/"]}]},{"@type":"BreadcrumbList","@id":"https:\/\/xn--theaterbhnemnchenstein-zlce.ch\/index.php\/der-blick-zurueck\/#breadcrumb","itemListElement":[{"@type":"ListItem","position":1,"name":"Startseite","item":"https:\/\/xn--theaterbhnemnchenstein-zlce.ch\/"},{"@type":"ListItem","position":2,"name":"Der Blick zur\u00fcck"}]},{"@type":"WebSite","@id":"https:\/\/xn--theaterbhnemnchenstein-zlce.ch\/#website","url":"https:\/\/xn--theaterbhnemnchenstein-zlce.ch\/","name":"Theaterb\u00fchne M\u00fcnchenstein","description":"","publisher":{"@id":"https:\/\/xn--theaterbhnemnchenstein-zlce.ch\/#organization"},"potentialAction":[{"@type":"SearchAction","target":{"@type":"EntryPoint","urlTemplate":"https:\/\/xn--theaterbhnemnchenstein-zlce.ch\/?s={search_term_string}"},"query-input":{"@type":"PropertyValueSpecification","valueRequired":true,"valueName":"search_term_string"}}],"inLanguage":"de-CH"},{"@type":"Organization","@id":"https:\/\/xn--theaterbhnemnchenstein-zlce.ch\/#organization","name":"Theaterb\u00fchne M\u00fcnchenstein","url":"https:\/\/xn--theaterbhnemnchenstein-zlce.ch\/","logo":{"@type":"ImageObject","inLanguage":"de-CH","@id":"https:\/\/xn--theaterbhnemnchenstein-zlce.ch\/#\/schema\/logo\/image\/","url":"https:\/\/xn--theaterbhnemnchenstein-zlce.ch\/wp-content\/uploads\/2025\/10\/Logo.png","contentUrl":"https:\/\/xn--theaterbhnemnchenstein-zlce.ch\/wp-content\/uploads\/2025\/10\/Logo.png","width":200,"height":69,"caption":"Theaterb\u00fchne M\u00fcnchenstein"},"image":{"@id":"https:\/\/xn--theaterbhnemnchenstein-zlce.ch\/#\/schema\/logo\/image\/"}}]}},"_links":{"self":[{"href":"https:\/\/xn--theaterbhnemnchenstein-zlce.ch\/index.php\/wp-json\/wp\/v2\/pages\/120","targetHints":{"allow":["GET"]}}],"collection":[{"href":"https:\/\/xn--theaterbhnemnchenstein-zlce.ch\/index.php\/wp-json\/wp\/v2\/pages"}],"about":[{"href":"https:\/\/xn--theaterbhnemnchenstein-zlce.ch\/index.php\/wp-json\/wp\/v2\/types\/page"}],"author":[{"embeddable":true,"href":"https:\/\/xn--theaterbhnemnchenstein-zlce.ch\/index.php\/wp-json\/wp\/v2\/users\/1"}],"replies":[{"embeddable":true,"href":"https:\/\/xn--theaterbhnemnchenstein-zlce.ch\/index.php\/wp-json\/wp\/v2\/comments?post=120"}],"version-history":[{"count":4,"href":"https:\/\/xn--theaterbhnemnchenstein-zlce.ch\/index.php\/wp-json\/wp\/v2\/pages\/120\/revisions"}],"predecessor-version":[{"id":194,"href":"https:\/\/xn--theaterbhnemnchenstein-zlce.ch\/index.php\/wp-json\/wp\/v2\/pages\/120\/revisions\/194"}],"wp:attachment":[{"href":"https:\/\/xn--theaterbhnemnchenstein-zlce.ch\/index.php\/wp-json\/wp\/v2\/media?parent=120"}],"curies":[{"name":"wp","href":"https:\/\/api.w.org\/{rel}","templated":true}]}}